{"id":2995,"date":"2021-06-23T13:35:35","date_gmt":"2021-06-23T11:35:35","guid":{"rendered":"https:\/\/immo.s1062.server4all.de\/sielaffimmobilien\/?page_id=2995"},"modified":"2021-06-23T13:35:35","modified_gmt":"2021-06-23T11:35:35","slug":"vip-service","status":"publish","type":"page","link":"https:\/\/immo.s1062.server4all.de\/sielaffimmobilien\/vip-service\/","title":{"rendered":"Unser Service f\u00fcr Immobilienk\u00e4ufer"},"content":{"rendered":"<h3 style=\"text-align: center;\">Unser VIP-Service f\u00fcr K\u00e4ufer<\/h3>\n<p>Bitte tragen Sie Ihre Daten und Suchkriterien in das Formular ein und best\u00e4tigen Sie Ihre Eingaben mit dem Klick auf den Button &#8222;Suchauftrag anlegen&#8220;.<\/p>\n<p>Nach Best\u00e4tigung des Suchauftrags in Ihrem Email-Konto, werden Sie ab Sofort von Uns \u00fcber jede neue Immobilie benachrichtigt.<\/p>\n\t\t  <div class='immomakler immomakler-searchagent-form'>\n\n\t\t  \n\n\t\t\t<form method=\"post\" id=\"searchagent-form\">\n\t\t\t  <div class=\"form-row row\">\n\t\t\t\t\t<div class=\"form-group col-md-2\">\n\t\t\t\t\t\t<label for=\"immomakler-searchagent-form-salutation\">Anrede<\/label>\n\t\t\t\t\t\t<select name=\"anrede\" class=\"form-control\" id=\"immomakler-searchagent-form-salutation\">\n\t\t\t\t\t\t\t<option value=\"\"><\/option>\n\t\t\t\t\t\t\t<option value=\"Herr\" >Herr<\/option>\n\t\t\t\t\t\t\t<option value=\"Frau\" >Frau<\/option>\n\t\t\t\t\t\t<\/select>\n\t\t\t\t\t<\/div>\n\t\t\t\t\t<div class=\"form-group col-md-4\">\n\t\t\t\t\t\t<label for=\"immomakler-searchagent-form-vorname\">Vorname<\/label>\n\t\t\t\t\t\t<input name=\"vorname\" type=\"text\" class=\"form-control\" id=\"immomakler-searchagent-form-vorname\" value=\"\">\n\t\t\t\t\t<\/div>\n\t\t\t\t\t<div class=\"form-group col-md-6\">\n\t\t\t\t\t\t<label for=\"immomakler-searchagent-form-name\">Nachname<\/label>\n\t\t\t\t\t\t<input name=\"name\" type=\"text\" class=\"form-control\" id=\"immomakler-searchagent-form-name\" value=\"\">\n\t\t\t\t\t<\/div>\n\t\t\t  <\/div>\n\t\t\t  <div class=\"form-row row\">\n\t\t\t\t\t<div class=\"form-group col-md-6\">\n\t\t\t\t\t\t<label for=\"immomakler-searchagent-form-email\">E-Mail *<\/label>\n\t\t\t\t\t\t<input name=\"email\" type=\"email\" class=\"form-control\" id=\"immomakler-searchagent-form-email\" value=\"\">\n\t\t\t\t\t<\/div>\n\t\t\t\t\t<div class=\"form-group col-md-6\">\n\t\t\t\t\t\t<label for=\"immomakler-searchagent-form-phone\">Telefon<\/label>\n\t\t\t\t\t\t<input name=\"phone\" type=\"text\" class=\"form-control\" id=\"immomakler-searchagent-form-phone\" value=\"\">\n\t\t\t\t\t<\/div>\n\t\t\t  <\/div>\n\n\t\t\t\t<div class=\"form-row row\">\n\t\t\t\t\t<div class=\"form-group form-check form-check-inline\">\n\t\t\t\t\t\t<input class=\"form-check-input\" type=\"radio\" id=\"immomakler-search-taxonomy-immomakler_object_vermarktungsart-kauf\" name=\"vermarktungsart\" value=\"kauf\" class=\"immomakler-search-taxonomy selectpicker col-xs-12 col-sm-6\">\n\t\t\t\t\t\t<label class=\"form-check-label\" for=\"immomakler-search-taxonomy-immomakler_object_vermarktungsart-kauf\">Kauf<\/label>\n\t\t\t\t\t\t<input class=\"form-check-input\" type=\"radio\" id=\"immomakler-search-taxonomy-immomakler_object_vermarktungsart-miete\" name=\"vermarktungsart\" value=\"miete\" class=\"immomakler-search-taxonomy selectpicker col-xs-12 col-sm-6\">\n\t\t\t\t\t\t<label class=\"form-check-label\" for=\"immomakler-search-taxonomy-immomakler_object_vermarktungsart-miete\">Miete<\/label>\n\t\t\t\t\t<\/div>\n\t\t\t\t\t<div class=\"form-group\">\n\t\t\t\t                <select id=\"immomakler-search-taxonomy-immomakler_object_nutzungsart\" name=\"nutzungsart\" class=\"immomakler-search-taxonomy col-xs-12 col-sm-4 selectpicker\">\n                                        <option value=\"\">Alle Nutzungsarten<\/option>\n                                                    <option value=\"gewerbe\">Gewerbe<\/option>\n                                        <option value=\"wohnen\">Wohnen<\/option>\n                                    <\/select>\n                            <select id=\"immomakler-search-taxonomy-immomakler_object_type\" name=\"typ\" class=\"immomakler-search-taxonomy col-xs-12 col-sm-4 selectpicker\">\n                                        <option value=\"\">Alle Objektarten<\/option>\n                                                    <option value=\"buero-praxis\">B\u00fcro\/Praxis<\/option>\n                                        <option value=\"einzelhandel\">Einzelhandel<\/option>\n                                        <option value=\"grundstueck\">Grundst\u00fcck<\/option>\n                                        <option value=\"haus\">Haus<\/option>\n                                        <option value=\"sonstige\">Sonstige<\/option>\n                                        <option value=\"wohnung\">Wohnung<\/option>\n                                    <\/select>\n                            <select id=\"immomakler-search-taxonomy-immomakler_object_location\" name=\"ort\" class=\"immomakler-search-taxonomy col-xs-12 col-sm-4 selectpicker\">\n                                        <option value=\"\">Alle Orte<\/option>\n                                                    <option value=\"aerzen\">Aerzen<\/option>\n                                        <option value=\"bad-pyrmont\">Bad Pyrmont<\/option>\n                                        <option value=\"barntrup-sommersell\">Barntrup \/ Sommersell<\/option>\n                                        <option value=\"bevern-doelme\">Bevern \/ D\u00f6lme<\/option>\n                                        <option value=\"bodenwerder\">Bodenwerder<\/option>\n                                        <option value=\"coppenbruegge\">Coppenbr\u00fcgge<\/option>\n                                        <option value=\"coppenbruegge-bruennighausen\">Coppenbr\u00fcgge \/ Br\u00fcnnighausen<\/option>\n                                        <option value=\"emmerthal\">Emmerthal<\/option>\n                                        <option value=\"emmerthal-ohr\">Emmerthal -Ohr<\/option>\n                                        <option value=\"emmerthal-luentorf\">Emmerthal \/ L\u00fcntorf<\/option>\n                                        <option value=\"hameln\">Hameln<\/option>\n                                        <option value=\"hameln-afferde\">Hameln \/ Afferde<\/option>\n                                        <option value=\"hameln-gross-hilligsfeld\">Hameln \/ Gro\u00df Hilligsfeld<\/option>\n                                        <option value=\"hameln-hastenbeck\">Hameln \/ Hastenbeck<\/option>\n                                        <option value=\"hameln-haverbeck\">Hameln \/ Haverbeck<\/option>\n                                        <option value=\"hameln-holtensen\">Hameln \/ Holtensen<\/option>\n                                        <option value=\"hameln-klein-berkel\">Hameln \/ Klein Berkel<\/option>\n                                        <option value=\"hameln-rohrsen\">Hameln \/ Rohrsen<\/option>\n                                        <option value=\"hameln-unsen\">Hameln \/ Unsen<\/option>\n                                        <option value=\"hameln-weidehohl\">Hameln \/ Weidehohl<\/option>\n                                        <option value=\"hehlen\">Hehlen<\/option>\n                                        <option value=\"hessisch-oldendorf\">Hessisch Oldendorf<\/option>\n                                        <option value=\"hessisch-oldendorf-fischbeck-weser\">Hessisch Oldendorf \/ Fischbeck (Weser)<\/option>\n                                        <option value=\"hessisch-oldendorf-hoefingen-texas\">Hessisch Oldendorf \/ H\u00f6fingen-Texas<\/option>\n                                        <option value=\"heyen\">Heyen<\/option>\n                                        <option value=\"ottenstein\">Ottenstein<\/option>\n                                        <option value=\"ronnenberg\">Ronnenberg<\/option>\n                                        <option value=\"salzhemmendorf\">Salzhemmendorf<\/option>\n                                        <option value=\"springe\">Springe<\/option>\n                                        <option value=\"winterberg-niedersfeld\">Winterberg \/ Niedersfeld<\/option>\n                                        <option value=\"zinnowitz\">Zinnowitz<\/option>\n                                    <\/select>\n            \t\t\t\t\t<\/div>\n\t\t\t  <\/div>\n\n\n\t\t\t  <div class=\"form-row row\">\n\t\t\t\t\t<div class=\"form-group col-md-6\">\n\t\t\t\t\t\t<label for=\"immomakler-searchagent-form-von-qm\">Wohnfl\u00e4che von m&sup2;<\/label>\n\t\t\t\t\t\t<input name=\"von-qm\" type=\"text\" class=\"form-control\" id=\"immomakler-searchagent-form-von-qm\" value=\"\">\n\t\t\t\t\t<\/div>\n\t\t\t\t\t<div class=\"form-group col-md-6\">\n\t\t\t\t\t\t<label for=\"immomakler-searchagent-form-bis-qm\">Wohnfl\u00e4che bis m&sup2;<\/label>\n\t\t\t\t\t\t<input name=\"bis-qm\" type=\"text\" class=\"form-control\" id=\"immomakler-searchagent-form-bis-qm\" value=\"\">\n\t\t\t\t\t<\/div>\n\t\t\t  <\/div>\n\t\t\t  <div class=\"form-row row\">\n\t\t\t\t\t<div class=\"form-group col-md-6\">\n\t\t\t\t\t\t<label for=\"immomakler-searchagent-form-von-zimmer\">Anzahl Zimmer von<\/label>\n\t\t\t\t\t\t<input name=\"von-zimmer\" type=\"text\" class=\"form-control\" id=\"immomakler-searchagent-form-von-zimmer\" value=\"\">\n\t\t\t\t\t<\/div>\n\t\t\t\t\t<div class=\"form-group col-md-6\">\n\t\t\t\t\t\t<label for=\"immomakler-searchagent-form-bis-zimmer\">Anzahl Zimmer bis<\/label>\n\t\t\t\t\t\t<input name=\"bis-zimmer\" type=\"text\" class=\"form-control\" id=\"immomakler-searchagent-form-bis-zimmer\" value=\"\">\n\t\t\t\t\t<\/div>\n\t\t\t  <\/div>\n\t\t\t  <div class=\"form-row row row-kaltmiete\" style=\"display:none;\">\n\t\t\t\t\t<div class=\"form-group col-md-6\">\n\t\t\t\t\t\t<label for=\"immomakler-searchagent-form-von-kaltmiete\">Kaltmiete<\/label>\n\t\t\t\t\t\t<input name=\"von-kaltmiete\" type=\"text\" class=\"form-control\" id=\"immomakler-searchagent-form-von-kaltmiete\" value=\"\">\n\t\t\t\t\t<\/div>\n\t\t\t\t\t<div class=\"form-group col-md-6\">\n\t\t\t\t\t\t<label for=\"immomakler-searchagent-form-bis-kaltmiete\">Kaltmiete bis &euro;<\/label>\n\t\t\t\t\t\t<input name=\"bis-kaltmiete\" type=\"text\" class=\"form-control\" id=\"immomakler-searchagent-form-bis-kaltmiete\" value=\"\">\n\t\t\t\t\t<\/div>\n\t\t\t  <\/div>\n\t\t\t  <div class=\"form-row row row-kaufpreis\">\n\t\t\t\t\t<div class=\"form-group col-md-6\">\n\t\t\t\t\t\t<label for=\"immomakler-searchagent-form-von-kaufpreis\">Kaufpreis von &euro;<\/label>\n\t\t\t\t\t\t<input name=\"von-kaufpreis\" type=\"text\" class=\"form-control\" id=\"immomakler-searchagent-form-von-kaufpreis\" value=\"\">\n\t\t\t\t\t<\/div>\n\t\t\t\t\t<div class=\"form-group col-md-6\">\n\t\t\t\t\t\t<label for=\"immomakler-searchagent-form-bis-kaufpreis\">Kaufpreis bis &euro;<\/label>\n\t\t\t\t\t\t<input name=\"bis-kaufpreis\" type=\"text\" class=\"form-control\" id=\"immomakler-searchagent-form-bis-kaufpreis\" value=\"\">\n\t\t\t\t\t<\/div>\n\t\t\t  <\/div>\n\n\t\t\t\t<script>\n\t\t\t\t\t(function($) {\n\t\t\t\t\t\t$(function() {\n\t\t\t\t\t\t\t$('#immomakler-search-taxonomy-immomakler_object_vermarktungsart-kauf').on( 'click', function() {\n\t\t\t\t\t\t\t\t$('.row-kaltmiete').hide();\n\t\t\t\t\t\t\t\t$('.row-kaufpreis').show();\n\t\t\t\t\t\t\t});\n\t\t\t\t\t\t});\n\t\t\t\t\t})(jQuery);\n\t\t\t\t\t(function($) {\n\t\t\t\t\t\t$(function() {\n\t\t\t\t\t\t\t$('#immomakler-search-taxonomy-immomakler_object_vermarktungsart-miete').on( 'click', function() {\n\t\t\t\t\t\t\t\t$('.row-kaufpreis').hide();\n\t\t\t\t\t\t\t\t$('.row-kaltmiete').show();\n\t\t\t\t\t\t\t});\n\t\t\t\t\t\t});\n\t\t\t\t\t})(jQuery);\n\t\t\t\t<\/script>\n\n\t\t\t  <div class=\"form-row row\">\n\t\t\t\t\t<div class=\"form-group form-check\">\n\t\t\t\t\t\t<label class=\"immomakler-searchagent-form-checkcontact\">\n\t\t\t\t\t\t<input type=\"checkbox\" name=\"checkcontact\" value=\"1\" class=\"immomakler-searchagent-form-checkcontact\">\n\t\t\t\t\t\tIch bin einverstanden, dass Sie mich unter der angegebenen E-Mailadresse kontaktieren und mir passende Immobilien anbieten.&nbsp;*\n\t\t\t\t\t\t<\/label>\n\t\t\t\t\t<\/div>\n\t\t\t  <\/div>\n\t\t\t  <div class=\"form-row row\">\n\t\t\t\t\t<div class=\"form-group form-check\">\n\t\t\t\t\t\t<label class=\"immomakler-searchagent-form-checkprivacy\">\n\t\t\t\t\t\t<input type=\"checkbox\" name=\"checkprivacy\" value=\"1\" class=\"immomakler-searchagent-form-checkprivacy\">\n\t\t\t\t\t\tIch willige in die Verarbeitung meiner Daten zum Zweck der Bearbeitung meines Suchauftrages ein und habe die <a href=\"\/datenschutz\/\" target=\"_blank\">Datenschutzerkl\u00e4rung<\/a> gelesen.&nbsp;*\n\t\t\t\t\t\t<\/label>\n\t\t\t\t\t<\/div>\n\t\t\t  <\/div>\n\t\t\t  <div class=\"row\">\n\t\t\t\t\t<div class=\"col-md-6\">\n                        <button type=\"submit\" class=\"btn btn-primary\" id=\"immomakler-searchagent-form-submit\">Suchauftrag anlegen<\/button>\n\t\t\t\t\t\t\t<input type=\"hidden\" name=\"confirm_hash\" value=\"\">\n\t\t\t\t\t<\/div>\n\t\t\t\t\t<div class=\"col-md-6\">\n\t\t\t\t\t\t<div id='message'><\/div>\n\t\t\t\t\t<\/div>\n\t\t\t  <\/div>\n\n\t\t\t<\/form>\n\n\t\t  <\/div>\n\t\t\t<script type=\"text\/javascript\">\n\t\t\t\t\t  (function($) {\n\t\t\t\t\t\t$(function() {\n\t\t\t\t\t\t\t$(\"#searchagent-form input, #searchagent-form select\").change(function(e) {\n\t\t\t\t\t\t\t\t$(\"#perform-search\").hide();\n\t\t\t\t\t\t\t});\n\t\t\t\t  $(\"#searchagent-form\").submit(function(e) {\n\t\t\t\t\t  e.preventDefault();\n\t\t\t\t\t  var error = false;\n\t\t\t\t\t  if ( ! $('#searchagent-form input[name=\"checkcontact\"]').prop('checked')) {\n\t\t\t\t\t\t$('#searchagent-form input[name=\"checkcontact\"]').closest('div.form-check').addClass('has-error');\n\t\t\t\t\t\terror = true;\n\t\t\t\t\t  } else {\n\t\t\t\t\t\t$('#searchagent-form input[name=\"checkcontact\"]').closest('div.form-check').removeClass('has-error');\n\t\t\t\t\t  }\n\t\t\t\t\t  if ( ! $('#searchagent-form input[name=\"checkprivacy\"]').prop('checked')) {\n\t\t\t\t\t\t$('#searchagent-form input[name=\"checkprivacy\"]').closest('div.form-check').addClass('has-error');\n\t\t\t\t\t\terror = true;\n\t\t\t\t\t  } else {\n\t\t\t\t\t\t$('#searchagent-form input[name=\"checkprivacy\"]').closest('div.form-check').removeClass('has-error');\n\t\t\t\t\t  }\n\t\t\t\t\t  if ( ! $('#searchagent-form input[name=\"email\"]').val()) {\n\t\t\t\t\t\t$('#searchagent-form input[name=\"email\"]').closest('div.form-group').addClass('has-error');\n\t\t\t\t\t\terror = true;\n\t\t\t\t\t  } else {\n\t\t\t\t\t\t$('#searchagent-form input[name=\"email\"]').closest('div.form-group').removeClass('has-error');\n\t\t\t\t\t  }\n\t\t\t\t\t  if ( ! error ) {\n\t\t\t\t\t\t\t$('#message').html('<p class=\"alert alert-success alert-dismissable\">Vielen Dank f\u00fcr Ihren Suchauftrag! Sie erhalten einen Best\u00e4tigungslink in einer E-Mail, den Sie bitte am besten jetzt gleich noch best\u00e4tigen, um den Suchaftrag zu aktivieren.<\/p>').hide().fadeIn(1500);\n\t\t\t\t\t\t\t$.ajax({\n\t\t\t\t\t\t\t\t\t'type': 'POST',\n\t\t\t\t\t\t\t\t\t'url': \"https:\/\/immo.s1062.server4all.de\/sielaffimmobilien\/?callback=immomakler_searchagents\",\n\t\t\t\t\t\t\t\t\t'data': {\n\t\t\t\t\t\t\t\t\temail: $('#searchagent-form input[name=\"email\"]').val(),\n\t\t\t\t\t\t\t\t\tquery: $('#searchagent-form').serialize(),\n\t\t\t\t\t\t\t\t\tconfirm_hash: $('#searchagent-form input[name=\"confirm_hash\"]').val(),\n\t\t\t\t\t\t\t\t\tcheckcontact: $('#searchagent-form input[name=\"checkcontact\"]').is(\":checked\"),\n\t\t\t\t\t\t\t\t\tcheckprivacy: $('#searchagent-form input[name=\"checkprivacy\"]').is(\":checked\"),\n\t\t\t\t\t\t\t\t\tform: 'manual'\n\t\t\t\t\t\t\t\t\t},\n\t\t\t\t\t\t\t\t\t'error': function (response) {\n\t\t\t\t\t\t\t\t\t$('#message').html('<p class=\"alert alert-danger alert-dismissable\">Beim Anlegen des Suchauftrags ist ein Fehler aufgetreten! Bitte \u00fcberpr\u00fcfen Sie Ihre Angaben und versuchen es erneut.<\/p>').hide().fadeIn(1500);\n\t\t\t\t\t\t\t\t\t},\n\t\t\t\t\t\t\t\t\t'success': function (response) {\n\t\t\t\t\t\t\t\t\t}\n\t\t\t\t\t\t\t\t});\n\t\t\t\t\t\t} else {\n\t\t\t\t\t\t\t$('#message').html('<p class=\"alert alert-danger alert-dismissable\">Es sind Fehler aufgetreten, bitte korrigieren Sie die rot markierten Felder.<\/p>').hide().fadeIn(200);\n\t\t\t\t\t\t}\n\t\t\t\t\treturn false;\n\t\t\t\t  });\n\t\t\t\t\t\t});\n\t\t\t\t\t  })(jQuery);\n\t\t\t<\/script>\n\t\t  \n","protected":false},"excerpt":{"rendered":"<p>Unser VIP-Service f\u00fcr K\u00e4ufer Bitte tragen Sie Ihre Daten und Suchkriterien in das Formular ein und best\u00e4tigen Sie Ihre Eingaben mit dem Klick auf den Button &#8222;Suchauftrag anlegen&#8220;. Nach Best\u00e4tigung des Suchauftrags in Ihrem Email-Konto, werden Sie ab Sofort von Uns \u00fcber jede neue Immobilie benachrichtigt.<\/p>\n","protected":false},"author":1,"featured_media":0,"parent":0,"menu_order":0,"comment_status":"closed","ping_status":"closed","template":"","meta":{"material-hide-sections":[],"footnotes":""},"_links":{"self":[{"href":"https:\/\/immo.s1062.server4all.de\/sielaffimmobilien\/wp-json\/wp\/v2\/pages\/2995"}],"collection":[{"href":"https:\/\/immo.s1062.server4all.de\/sielaffimmobilien\/wp-json\/wp\/v2\/pages"}],"about":[{"href":"https:\/\/immo.s1062.server4all.de\/sielaffimmobilien\/wp-json\/wp\/v2\/types\/page"}],"author":[{"embeddable":true,"href":"https:\/\/immo.s1062.server4all.de\/sielaffimmobilien\/wp-json\/wp\/v2\/users\/1"}],"replies":[{"embeddable":true,"href":"https:\/\/immo.s1062.server4all.de\/sielaffimmobilien\/wp-json\/wp\/v2\/comments?post=2995"}],"version-history":[{"count":1,"href":"https:\/\/immo.s1062.server4all.de\/sielaffimmobilien\/wp-json\/wp\/v2\/pages\/2995\/revisions"}],"predecessor-version":[{"id":2996,"href":"https:\/\/immo.s1062.server4all.de\/sielaffimmobilien\/wp-json\/wp\/v2\/pages\/2995\/revisions\/2996"}],"wp:attachment":[{"href":"https:\/\/immo.s1062.server4all.de\/sielaffimmobilien\/wp-json\/wp\/v2\/media?parent=2995"}],"curies":[{"name":"wp","href":"https:\/\/api.w.org\/{rel}","templated":true}]}}